{"id":105,"date":"2015-07-16T10:35:58","date_gmt":"2015-07-16T08:35:58","guid":{"rendered":"http:\/\/fryzjer-stylistka.pl\/?page_id=105"},"modified":"2023-12-09T10:04:38","modified_gmt":"2023-12-09T09:04:38","slug":"keratyna","status":"publish","type":"page","link":"https:\/\/fryzjer-stylistka.pl\/index.php\/keratyna\/","title":{"rendered":"Keratyna"},"content":{"rendered":"\n<div class=\"wp-block-cover alignfull\" style=\"min-height:700px;aspect-ratio:unset;\"><span aria-hidden=\"true\" class=\"wp-block-cover__background has-background-dim\"><\/span><img loading=\"lazy\" decoding=\"async\" width=\"1920\" height=\"1080\" class=\"wp-block-cover__image-background wp-image-124\" alt=\"\" src=\"http:\/\/fryzjer-stylistka.pl\/wp-content\/uploads\/2015\/07\/keratya2.jpg\" data-object-fit=\"cover\" srcset=\"https:\/\/fryzjer-stylistka.pl\/wp-content\/uploads\/2015\/07\/keratya2.jpg 1920w, https:\/\/fryzjer-stylistka.pl\/wp-content\/uploads\/2015\/07\/keratya2-300x169.jpg 300w, https:\/\/fryzjer-stylistka.pl\/wp-content\/uploads\/2015\/07\/keratya2-1024x576.jpg 1024w, https:\/\/fryzjer-stylistka.pl\/wp-content\/uploads\/2015\/07\/keratya2-1080x608.jpg 1080w\" sizes=\"auto, (max-width: 1920px) 100vw, 1920px\" \/><div class=\"wp-block-cover__inner-container is-layout-constrained wp-block-cover-is-layout-constrained\">\n<p class=\"has-text-align-center has-large-font-size\"><\/p>\n<\/div><\/div>\n\n\n\n<div style=\"height:40px\" aria-hidden=\"true\" class=\"wp-block-spacer\"><\/div>\n\n\n\n<h4 class=\"wp-block-heading\">Terapia GK Hair jest zabiegiem opartym o keratyn\u0119, kt\u00f3ra w naturalny spos\u00f3b prostuje i regeneruje w\u0142osy. Jest to dzia\u0142anie od\u017cywcze, dzi\u0119ki kt\u00f3rym w\u0142osy nabieraj\u0105 blasku. Produkt nie zawiera w swoim sk\u0142adzie \u017cr\u0105cych \u015brodk\u00f3w chemicznych, formaldehyd\u00f3w. Terapia jest oparta na sk\u0142adnikach naturalnych, organicznych oraz bio-aktywnych.<\/h4>\n\n\n\n<p>Wnikaj\u0105ca w g\u0142\u0105b pow\u0142oczki w\u0142osa keratyna wp\u0142ywa na naturalne sk\u0142adniki w\u0142os\u00f3w nadaj\u0105c im mi\u0119kko\u015bci. W\u0142osy s\u0105 wyg\u0142adzone, b\u0142yszcz\u0105ce, mocne oraz \u0142atwiejsze w modelowaniu oraz codziennym utrzymaniu. W\u0142osy staja si\u0119&nbsp; nawil\u017cone co sprawia, \u017ce s\u0105 zdecydowanie mniej spl\u0105tane podczas rozczesywania oraz nie krusz\u0105 si\u0119. Ta niewiarygodna terapia zosta\u0142a stworzona dla os\u00f3b, kt\u00f3re maj\u0105 niesforne, pusz\u0105ce si\u0119, kr\u0119cone, rozja\u015bniane i zniszczone innymi zabiegami chemicznymi w\u0142osy.<\/p>\n\n\n\n<p><strong>Zalety zabiegu:<\/strong><\/p>\n\n\n\n<ul class=\"wp-block-list\">\n<li>jest ca\u0142kowicie bezpieczny<\/li>\n\n\n\n<li>jest \u0142agodny dla w\u0142os\u00f3w<\/li>\n\n\n\n<li>odbudowuje odporno\u015b\u0107 oraz poprawia stan w\u0142osa<\/li>\n\n\n\n<li>czyni w\u0142osy silnymi i elastycznymi<\/li>\n\n\n\n<li>uodparnia w\u0142osy na warunki pogodowe (przeciwdzia\u0142a efektom wilgoci)<\/li>\n\n\n\n<li>w\u0142osy s\u0105 cudowne, l\u015bni\u0105ce i \u0142atwe w uk\u0142adaniu<\/li>\n\n\n\n<li>czas stylizacji w\u0142os\u00f3w &nbsp;jest znacznie kr\u00f3tszy<\/li>\n\n\n\n<li>dzia\u0142anie do 4 miesi\u0119cy<\/li>\n\n\n\n<li>nie zawiera formaldehyd\u00f3w<\/li>\n\n\n\n<li>nieposkr\u0119cane w\u0142osy<\/li>\n\n\n\n<li>naturalny wygl\u0105d,g\u0119sto\u015b\u0107 i spr\u0119\u017cysto\u015b\u0107<\/li>\n<\/ul>\n\n\n\n<p><strong>Wa\u017cne informacje:<\/strong><\/p>\n\n\n\n<ul class=\"wp-block-list\">\n<li>keratyn\u0119 nale\u017cy przetrzyma\u0107 na w\u0142osach przez 48 godz (w tym czasie nale\u017cy pilnowa\u0107, aby w\u0142osy by\u0142y proste, rozpuszczone)<\/li>\n\n\n\n<li>podczas tych 48 godz nie nale\u017cy w\u0142os\u00f3w moczy\u0107, wi\u0105za\u0107, u\u017cywa\u0107 preparat\u00f3w do stylizacji<\/li>\n\n\n\n<li>ko\u0144c\u00f3wki w\u0142os\u00f3w nale\u017cy podci\u0105\u0107 po przeprowadzonym zabiegu, nie przed<\/li>\n\n\n\n<li>zabieg keratynowego prostowania mo\u017cna wykona\u0107 2 tygodnie po rozja\u015bnianiu w\u0142os\u00f3w, po trwa\u0142ej ondulacji<\/li>\n\n\n\n<li>koloryzacj\u0119 mo\u017cna przeprowadzi\u0107 2 tygodnie po zabiegu keratynowym<\/li>\n\n\n\n<li>po ca\u0142kowicie zako\u0144czonej kuracji nale\u017cy u\u017cywa\u0107 szamponu oraz od\u017cywki keratynowej, specjalnie do tego przeznaczonej bez soli<\/li>\n\n\n\n<li>po zako\u0144czonej kuracji mo\u017cna w\u0142osy modelowa\u0107 oraz u\u017cywa\u0107 kosmetyk\u00f3w do stylizacji, kt\u00f3re nie zawieraj\u0105 alkohol, poniewa\u017c wysuszaj\u0105 one w\u0142osy.<\/li>\n<\/ul>\n","protected":false},"excerpt":{"rendered":"<p>Terapia GK Hair jest zabiegiem opartym o keratyn\u0119, kt\u00f3ra w naturalny spos\u00f3b prostuje i regeneruje w\u0142osy. Jest to dzia\u0142anie od\u017cywcze, dzi\u0119ki kt\u00f3rym w\u0142osy nabieraj\u0105 blasku. Produkt nie zawiera w swoim sk\u0142adzie \u017cr\u0105cych \u015brodk\u00f3w chemicznych, formaldehyd\u00f3w. Terapia jest oparta na sk\u0142adnikach naturalnych, organicznych oraz bio-aktywnych. Wnikaj\u0105ca w g\u0142\u0105b pow\u0142oczki w\u0142osa keratyna wp\u0142ywa na naturalne sk\u0142adniki w\u0142os\u00f3w&hellip;&nbsp;<a href=\"https:\/\/fryzjer-stylistka.pl\/index.php\/keratyna\/\" rel=\"bookmark\">Dowiedz si\u0119 wi\u0119cej &raquo;<span class=\"screen-reader-text\">Keratyna<\/span><\/a><\/p>\n","protected":false},"author":1,"featured_media":0,"parent":0,"menu_order":2,"comment_status":"closed","ping_status":"closed","template":"","meta":{"neve_meta_sidebar":"","neve_meta_container":"","neve_meta_enable_content_width":"","neve_meta_content_width":0,"neve_meta_title_alignment":"","neve_meta_author_avatar":"","neve_post_elements_order":"","neve_meta_disable_header":"off","neve_meta_disable_footer":"","neve_meta_disable_title":"on","jetpack_post_was_ever_published":false,"footnotes":""},"class_list":["post-105","page","type-page","status-publish","hentry"],"jetpack_sharing_enabled":true,"jetpack_shortlink":"https:\/\/wp.me\/P6ysEe-1H","_links":{"self":[{"href":"https:\/\/fryzjer-stylistka.pl\/index.php\/wp-json\/wp\/v2\/pages\/105","targetHints":{"allow":["GET"]}}],"collection":[{"href":"https:\/\/fryzjer-stylistka.pl\/index.php\/wp-json\/wp\/v2\/pages"}],"about":[{"href":"https:\/\/fryzjer-stylistka.pl\/index.php\/wp-json\/wp\/v2\/types\/page"}],"author":[{"embeddable":true,"href":"https:\/\/fryzjer-stylistka.pl\/index.php\/wp-json\/wp\/v2\/users\/1"}],"replies":[{"embeddable":true,"href":"https:\/\/fryzjer-stylistka.pl\/index.php\/wp-json\/wp\/v2\/comments?post=105"}],"version-history":[{"count":16,"href":"https:\/\/fryzjer-stylistka.pl\/index.php\/wp-json\/wp\/v2\/pages\/105\/revisions"}],"predecessor-version":[{"id":390,"href":"https:\/\/fryzjer-stylistka.pl\/index.php\/wp-json\/wp\/v2\/pages\/105\/revisions\/390"}],"wp:attachment":[{"href":"https:\/\/fryzjer-stylistka.pl\/index.php\/wp-json\/wp\/v2\/media?parent=105"}],"curies":[{"name":"wp","href":"https:\/\/api.w.org\/{rel}","templated":true}]}}