{"id":77,"date":"2015-07-09T12:07:47","date_gmt":"2015-07-09T10:07:47","guid":{"rendered":"http:\/\/fryzjer-stylistka.pl\/?page_id=77"},"modified":"2023-12-09T10:04:44","modified_gmt":"2023-12-09T09:04:44","slug":"fryzjerstwo","status":"publish","type":"page","link":"https:\/\/fryzjer-stylistka.pl\/index.php\/fryzjerstwo\/","title":{"rendered":"Fryzjerstwo"},"content":{"rendered":"\n<div class=\"wp-block-cover alignfull\" style=\"min-height:700px;aspect-ratio:unset;\"><span aria-hidden=\"true\" class=\"wp-block-cover__background has-background-dim\"><\/span><img loading=\"lazy\" decoding=\"async\" width=\"1920\" height=\"1080\" class=\"wp-block-cover__image-background wp-image-136\" alt=\"\" src=\"http:\/\/fryzjer-stylistka.pl\/wp-content\/uploads\/2015\/07\/fryzjerstwoBW.jpg\" style=\"object-position:47% 71%\" data-object-fit=\"cover\" data-object-position=\"47% 71%\" srcset=\"https:\/\/fryzjer-stylistka.pl\/wp-content\/uploads\/2015\/07\/fryzjerstwoBW.jpg 1920w, https:\/\/fryzjer-stylistka.pl\/wp-content\/uploads\/2015\/07\/fryzjerstwoBW-300x169.jpg 300w, https:\/\/fryzjer-stylistka.pl\/wp-content\/uploads\/2015\/07\/fryzjerstwoBW-1024x576.jpg 1024w, https:\/\/fryzjer-stylistka.pl\/wp-content\/uploads\/2015\/07\/fryzjerstwoBW-1080x608.jpg 1080w\" sizes=\"auto, (max-width: 1920px) 100vw, 1920px\" \/><div class=\"wp-block-cover__inner-container is-layout-constrained wp-block-cover-is-layout-constrained\">\n<p class=\"has-text-align-center has-large-font-size\"><\/p>\n<\/div><\/div>\n\n\n\n<div class=\"wp-block-columns is-layout-flex wp-container-core-columns-is-layout-9d6595d7 wp-block-columns-is-layout-flex\">\n<div class=\"wp-block-column is-layout-flow wp-block-column-is-layout-flow\">\n<ul class=\"wp-block-list\">\n<li>modelowanie<\/li>\n\n\n\n<li>strzy\u017cenie damskie<\/li>\n\n\n\n<li>strzy\u017cenie z modelowaniem kolor<\/li>\n\n\n\n<li>kolor+ refleksy<\/li>\n\n\n\n<li>refleksy<\/li>\n\n\n\n<li>flamboyage<\/li>\n\n\n\n<li>baleyage<\/li>\n\n\n\n<li>dekoloryzacja<\/li>\n\n\n\n<li>trwa\u0142a ondulacja<\/li>\n\n\n\n<li>loki<\/li>\n<\/ul>\n<\/div>\n\n\n\n<div class=\"wp-block-column is-layout-flow wp-block-column-is-layout-flow\">\n<ul class=\"wp-block-list\">\n<li>kok<\/li>\n\n\n\n<li>upi\u0119cie<\/li>\n\n\n\n<li>regeneracja<\/li>\n\n\n\n<li>strzy\u017cenie m\u0119skie<\/li>\n\n\n\n<li>strzy\u017cenie maszynk\u0105<\/li>\n\n\n\n<li>kolor cover 5<\/li>\n\n\n\n<li>strzy\u017cenie dzieci<\/li>\n\n\n\n<li>keratynowe prostowanie i od\u017cywianie w\u0142os\u00f3w Global Keratin.<\/li>\n<\/ul>\n<\/div>\n<\/div>\n\n\n\n<p><strong>Koloryzacja dla m\u0119\u017cczyzn<\/strong><\/p>\n\n\n\n<p>\u017bel bez amoniaku-dla m\u0119\u017cczyzn.<\/p>\n\n\n\n<p>Cover 5&#8242; jest przeznaczony dla m\u0119\u017cczyzn, kt\u00f3rzy chc\u0105 zatuszowa\u0107 swoje siwe w\u0142osy, otrzymuj\u0105c dyskretny i perfekcyjnie naturalny rezultat bez radykalnej zmiany wygl\u0105du. Siwe w\u0142osy staja si\u0119 mniej widoczne, fryzura odzyskuje wygl\u0105d, zmiana jest wyra\u017ana ale dyskretna, pozostaje w idealnej harmonii z naturalnym odcieniem w\u0142os\u00f3w klienta, w\u0142osy wygl\u0105daj\u0105 na &#8222;od\u015bwie\u017cone&#8221; a rezultat jest d\u0142ugotrwa\u0142y.<\/p>\n\n\n\n<p><strong>Technologia<\/strong><\/p>\n\n\n\n<p>W Cover 5&#8242; zastosowano technologi\u0119 Chrono-Blend, wykorzystuj\u0105c\u0105 starannie wyselekcjonowane, zbilansowane barwniki, daj\u0105ce wyj\u0105tkowo naturalny efekt. Jest to koloryzacja w postaci \u017celu, bez amoniaku, naturalnie przyciemniaj\u0105ca siwe w\u0142osy. Maksymalny efekt w zaledwie 5 minut. Cover 5&#8242; wzbogacony jest w Incell, zapewniaj\u0105ca 100% ochron\u0119 w\u0142os\u00f3w.<\/p>\n","protected":false},"excerpt":{"rendered":"<p>Koloryzacja dla m\u0119\u017cczyzn \u017bel bez amoniaku-dla m\u0119\u017cczyzn. Cover 5&#8242; jest przeznaczony dla m\u0119\u017cczyzn, kt\u00f3rzy chc\u0105 zatuszowa\u0107 swoje siwe w\u0142osy, otrzymuj\u0105c dyskretny i perfekcyjnie naturalny rezultat bez radykalnej zmiany wygl\u0105du. Siwe w\u0142osy staja si\u0119 mniej widoczne, fryzura odzyskuje wygl\u0105d, zmiana jest wyra\u017ana ale dyskretna, pozostaje w idealnej harmonii z naturalnym odcieniem w\u0142os\u00f3w klienta, w\u0142osy wygl\u0105daj\u0105 na&hellip;&nbsp;<a href=\"https:\/\/fryzjer-stylistka.pl\/index.php\/fryzjerstwo\/\" rel=\"bookmark\">Dowiedz si\u0119 wi\u0119cej &raquo;<span class=\"screen-reader-text\">Fryzjerstwo<\/span><\/a><\/p>\n","protected":false},"author":1,"featured_media":0,"parent":0,"menu_order":3,"comment_status":"closed","ping_status":"closed","template":"","meta":{"neve_meta_sidebar":"","neve_meta_container":"","neve_meta_enable_content_width":"","neve_meta_content_width":0,"neve_meta_title_alignment":"","neve_meta_author_avatar":"","neve_post_elements_order":"","neve_meta_disable_header":"","neve_meta_disable_footer":"","neve_meta_disable_title":"on","jetpack_post_was_ever_published":false,"footnotes":""},"class_list":["post-77","page","type-page","status-publish","hentry"],"jetpack_sharing_enabled":true,"jetpack_shortlink":"https:\/\/wp.me\/P6ysEe-1f","_links":{"self":[{"href":"https:\/\/fryzjer-stylistka.pl\/index.php\/wp-json\/wp\/v2\/pages\/77","targetHints":{"allow":["GET"]}}],"collection":[{"href":"https:\/\/fryzjer-stylistka.pl\/index.php\/wp-json\/wp\/v2\/pages"}],"about":[{"href":"https:\/\/fryzjer-stylistka.pl\/index.php\/wp-json\/wp\/v2\/types\/page"}],"author":[{"embeddable":true,"href":"https:\/\/fryzjer-stylistka.pl\/index.php\/wp-json\/wp\/v2\/users\/1"}],"replies":[{"embeddable":true,"href":"https:\/\/fryzjer-stylistka.pl\/index.php\/wp-json\/wp\/v2\/comments?post=77"}],"version-history":[{"count":27,"href":"https:\/\/fryzjer-stylistka.pl\/index.php\/wp-json\/wp\/v2\/pages\/77\/revisions"}],"predecessor-version":[{"id":391,"href":"https:\/\/fryzjer-stylistka.pl\/index.php\/wp-json\/wp\/v2\/pages\/77\/revisions\/391"}],"wp:attachment":[{"href":"https:\/\/fryzjer-stylistka.pl\/index.php\/wp-json\/wp\/v2\/media?parent=77"}],"curies":[{"name":"wp","href":"https:\/\/api.w.org\/{rel}","templated":true}]}}